{"id":16,"date":"2019-12-21T02:10:22","date_gmt":"2019-12-21T00:10:22","guid":{"rendered":"http:\/\/testi.koiratuotteet.fi\/?page_id=16"},"modified":"2020-08-28T07:28:06","modified_gmt":"2020-08-28T04:28:06","slug":"yhteystiedot","status":"publish","type":"page","link":"https:\/\/www.ranvel.fi\/?page_id=16","title":{"rendered":"YHTEYSTIEDOT"},"content":{"rendered":"<h3>Yhteystiedot<\/h3>\n<p>Saat meihin parhaiten yhteyden <a href=\"mailto:info@ranvel.fi\">s\u00e4hk\u00f6postitse<\/a>.<br \/>Voit ottaa yhteytt\u00e4 my\u00f6s WhatsAppilla tai tekstiviestill\u00e4. Puhelinp\u00e4ivystyst\u00e4 meill\u00e4 ei valitettavasti t\u00e4ll\u00e4 hetkell\u00e4 ole mahdollista toteuttaa.<\/p>\n<p>\u00a0<\/p>\n<p>Tomi Rantanen<br \/><a href=\"mailto:tomi.rantanen@ranvel.fi\">tomi.rantanen(a)ranvel.fi<\/a><\/p>\n<p>WhatsApp \/ tekstiviestit: +358452774800<\/p>\n<p>Lue matkapuhelimeesi <a href=\"https:\/\/www.ranvel.fi\/wp-content\/uploads\/2019\/12\/2d_kayntikortti_tomi.jpg\" target=\"top_\" rel=\"noopener noreferrer\">k\u00e4yntikorttini<\/a> (vCard)<\/p>\n<p>\u00a0<\/p>\n<hr \/>\n<p>\u00a0<\/p>\n<p>Veli-Heikki Ikola<br \/><a href=\"mailto:info@ranvel.fi\">info(a)ranvel.fi<\/a><\/p>\n<p>Lue matkapuhelimeesi <a href=\"https:\/\/www.ranvel.fi\/wp-content\/uploads\/2019\/12\/2d_kayntikortti_vh.jpg\" target=\"top_\" rel=\"noopener noreferrer\">k\u00e4yntikorttini<\/a> (vCard)<\/p>\n<p>\u00a0<\/p>\n<p>\u00a0<\/p>\n<p>Osoite:<\/p>\n<p>Ranvel Oy<br \/>Katajat\u00f6yr\u00e4ntie 43<br \/>63300 Alavus<\/p>\n<p>Y-tunnus: 2271822-4 ALV Rek. FI22718224<br \/>Pankkiyhteys: Nordea 118830-109666<br \/>IBAN\/BIC: FI72 1188 3000 1096 66 NDEAFIHH<\/p>\n\n\n<p><\/p>\n","protected":false},"excerpt":{"rendered":"<p>Yhteystiedot Saat meihin parhaiten yhteyden s\u00e4hk\u00f6postitse.Voit ottaa yhteytt\u00e4 my\u00f6s WhatsAppilla tai tekstiviestill\u00e4. Puhelinp\u00e4ivystyst\u00e4 meill\u00e4 ei valitettavasti t\u00e4ll\u00e4 hetkell\u00e4 ole mahdollista toteuttaa. \u00a0 Tomi Rantanentomi.rantanen(a)ranvel.fi WhatsApp \/ tekstiviestit: +358452774800 Lue matkapuhelimeesi k\u00e4yntikorttini (vCard) \u00a0 \u00a0 Veli-Heikki Ikolainfo(a)ranvel.fi Lue matkapuhelimeesi k\u00e4yntikorttini (vCard) \u00a0 \u00a0 Osoite: Ranvel OyKatajat\u00f6yr\u00e4ntie 4363300 Alavus Y-tunnus: 2271822-4 ALV Rek. FI22718224Pankkiyhteys: Nordea 118830-109666IBAN\/BIC: FI72 &hellip; <a href=\"https:\/\/www.ranvel.fi\/?page_id=16\" class=\"more-link\">Jatka artikkeliin <span class=\"screen-reader-text\">YHTEYSTIEDOT<\/span><\/a><\/p>\n","protected":false},"author":1,"featured_media":0,"parent":0,"menu_order":0,"comment_status":"closed","ping_status":"closed","template":"","meta":{"footnotes":""},"class_list":["post-16","page","type-page","status-publish","hentry"],"_links":{"self":[{"href":"https:\/\/www.ranvel.fi\/index.php?rest_route=\/wp\/v2\/pages\/16","targetHints":{"allow":["GET"]}}],"collection":[{"href":"https:\/\/www.ranvel.fi\/index.php?rest_route=\/wp\/v2\/pages"}],"about":[{"href":"https:\/\/www.ranvel.fi\/index.php?rest_route=\/wp\/v2\/types\/page"}],"author":[{"embeddable":true,"href":"https:\/\/www.ranvel.fi\/index.php?rest_route=\/wp\/v2\/users\/1"}],"replies":[{"embeddable":true,"href":"https:\/\/www.ranvel.fi\/index.php?rest_route=%2Fwp%2Fv2%2Fcomments&post=16"}],"version-history":[{"count":3,"href":"https:\/\/www.ranvel.fi\/index.php?rest_route=\/wp\/v2\/pages\/16\/revisions"}],"predecessor-version":[{"id":53,"href":"https:\/\/www.ranvel.fi\/index.php?rest_route=\/wp\/v2\/pages\/16\/revisions\/53"}],"wp:attachment":[{"href":"https:\/\/www.ranvel.fi\/index.php?rest_route=%2Fwp%2Fv2%2Fmedia&parent=16"}],"curies":[{"name":"wp","href":"https:\/\/api.w.org\/{rel}","templated":true}]}}