{"id":10,"date":"2019-12-21T02:09:52","date_gmt":"2019-12-21T00:09:52","guid":{"rendered":"http:\/\/testi.koiratuotteet.fi\/?page_id=10"},"modified":"2020-02-16T22:10:24","modified_gmt":"2020-02-16T20:10:24","slug":"kotisivut","status":"publish","type":"page","link":"https:\/\/www.ranvel.fi\/?page_id=10","title":{"rendered":"KOTISIVUT"},"content":{"rendered":"<h3><img loading=\"lazy\" decoding=\"async\" class=\"wp-image-58 alignright\" src=\"https:\/\/www.ranvel.fi\/wp-content\/uploads\/2019\/12\/valittajatunnus.png\" alt=\"Ranvel Oy -FI-verkkotunnusv\u00e4litt\u00e4j\u00e4\" width=\"103\" height=\"103\"><\/h3>\n<p><strong>Ranvel Oy<\/strong> tarjoaa kaikille asiakkailleen, niin yksityisille, yrityksille kuin yhdistyksillekin, edullisia Web-palveluita.<\/p>\n<p>Internetin k\u00e4ytt\u00e4jist\u00e4 varmaan jokainen on k\u00e4ynyt sivuilla, jotka ovat ulkoasultaan hienon n\u00e4k\u00f6isi\u00e4, mutta haettua tietoa niist\u00e4 ei tahdo l\u00f6yty\u00e4.<\/p>\n<p>Tekemiemme Internet-sivujen kohdalla n\u00e4in ei ole, vaan tieto on niiss\u00e4 aina p\u00e4\u00e4osassa. Sivumme ovat selkeit\u00e4 ja mobiiliyhteensopivia.<\/p>\n<p>Meilt\u00e4 saat t\u00e4yden palvelun liittyen web-sivuihin aina suunnittelusta valmiiden sivujen p\u00e4ivitt\u00e4miseen. Saat yritykselt\u00e4mme my\u00f6s verkkotunnukset ja palvelinratkaisut.<\/p>\n<p><a href=\"https:\/\/secure.vilkasgroup.com\/epages\/vilkasfi02.sf\/fi_FI\/?ObjectPath=\/&amp;ViewAction=ViewSelfProvisionForm&amp;Currency=EUR&amp;AgreementLength=1&amp;ReferralID=ranvel\" target=\"_blank\" rel=\"noopener noreferrer\"><img loading=\"lazy\" decoding=\"async\" class=\"alignright wp-image-86\" src=\"https:\/\/www.ranvel.fi\/wp-content\/uploads\/2019\/12\/vilkas_logo.jpg\" alt=\"Meilt\u00e4 Vilkas verkkokaupat\" width=\"97\" height=\"25\"><\/a><a href=\"https:\/\/secure.vilkasgroup.com\/epages\/vilkasfi02.sf\/fi_FI\/?ObjectPath=\/&amp;ViewAction=ViewSelfProvisionForm&amp;Currency=EUR&amp;AgreementLength=1&amp;ReferralID=ranvel&quot; target=&quot;_blank&quot;\" target=\"_blank\" rel=\"noopener noreferrer\">Verkkokaupparatkaisut<\/a> toteutamme yhteisty\u00f6ss\u00e4 Vilkas Groupin kanssa.<\/p>\n<p>Hinnoittelumme on edullinen, koska teemme yksinkertaisia, informatiivisia sivuja perusty\u00f6kaluilla &#8221;k\u00e4sity\u00f6n\u00e4&#8221;.<\/p>\n<p>T\u00e4ll\u00e4 ideologialla emme tarvitse kalliita investointeja turhiin ohjelmistoihin ja muihin ty\u00f6kaluihin, eik\u00e4 meid\u00e4n n\u00e4in ollen tarvitse laskuttaa my\u00f6sk\u00e4\u00e4n asiakkailtamme isoja summia palveluistamme.<\/p>\n<p>Jos tarvitset selke\u00e4t ja edulliset www-sivut, olet saapunut oikeaan paikkaan!<\/p>\n","protected":false},"excerpt":{"rendered":"<p>Ranvel Oy tarjoaa kaikille asiakkailleen, niin yksityisille, yrityksille kuin yhdistyksillekin, edullisia Web-palveluita. Internetin k\u00e4ytt\u00e4jist\u00e4 varmaan jokainen on k\u00e4ynyt sivuilla, jotka ovat ulkoasultaan hienon n\u00e4k\u00f6isi\u00e4, mutta haettua tietoa niist\u00e4 ei tahdo l\u00f6yty\u00e4. Tekemiemme Internet-sivujen kohdalla n\u00e4in ei ole, vaan tieto on niiss\u00e4 aina p\u00e4\u00e4osassa. Sivumme ovat selkeit\u00e4 ja mobiiliyhteensopivia. Meilt\u00e4 saat t\u00e4yden palvelun liittyen web-sivuihin aina &hellip; <a href=\"https:\/\/www.ranvel.fi\/?page_id=10\" class=\"more-link\">Jatka artikkeliin <span class=\"screen-reader-text\">KOTISIVUT<\/span><\/a><\/p>\n","protected":false},"author":1,"featured_media":0,"parent":0,"menu_order":0,"comment_status":"closed","ping_status":"closed","template":"","meta":{"footnotes":""},"class_list":["post-10","page","type-page","status-publish","hentry"],"_links":{"self":[{"href":"https:\/\/www.ranvel.fi\/index.php?rest_route=\/wp\/v2\/pages\/10","targetHints":{"allow":["GET"]}}],"collection":[{"href":"https:\/\/www.ranvel.fi\/index.php?rest_route=\/wp\/v2\/pages"}],"about":[{"href":"https:\/\/www.ranvel.fi\/index.php?rest_route=\/wp\/v2\/types\/page"}],"author":[{"embeddable":true,"href":"https:\/\/www.ranvel.fi\/index.php?rest_route=\/wp\/v2\/users\/1"}],"replies":[{"embeddable":true,"href":"https:\/\/www.ranvel.fi\/index.php?rest_route=%2Fwp%2Fv2%2Fcomments&post=10"}],"version-history":[{"count":4,"href":"https:\/\/www.ranvel.fi\/index.php?rest_route=\/wp\/v2\/pages\/10\/revisions"}],"predecessor-version":[{"id":47,"href":"https:\/\/www.ranvel.fi\/index.php?rest_route=\/wp\/v2\/pages\/10\/revisions\/47"}],"wp:attachment":[{"href":"https:\/\/www.ranvel.fi\/index.php?rest_route=%2Fwp%2Fv2%2Fmedia&parent=10"}],"curies":[{"name":"wp","href":"https:\/\/api.w.org\/{rel}","templated":true}]}}